{"id":78,"date":"2014-10-09T16:24:31","date_gmt":"2014-10-09T16:24:31","guid":{"rendered":"http:\/\/174.120.252.82\/~nicgw\/activeapp\/?page_id=78"},"modified":"2021-11-29T12:18:25","modified_gmt":"2021-11-29T12:18:25","slug":"contacts","status":"publish","type":"page","link":"https:\/\/registrar.iris.gw\/en\/contacts\/","title":{"rendered":"Contacts"},"content":{"rendered":"<p>To contact us, please fill out the form below. Please consult our <a href=\"https:\/\/registrar.iris.gw\/en\/privacy-policy\/\" target=\"_blank\" rel=\"noopener noreferrer\">Privacy Policy<\/a> in advance.<\/p>\n<form enctype=\"multipart\/form-data\" action=\"\/en\/wp-json\/wp\/v2\/pages\/78#usermessage2b\" method=\"post\" class=\"cform contacts \" id=\"cforms2form\"><ol class=\"cf-ol\"><li id=\"li-2-1\" class=\"\"><label id=\"label-2-1\" for=\"cf2_field_1\"><span>Name<\/span><\/label><input type=\"text\" name=\"cf2_field_1\" id=\"cf2_field_1\" class=\"single fldrequired\" value=\"\" onfocus=\"clearField(this)\" onblur=\"setField(this)\" title=\"\"\/><input type=\"hidden\" name=\"cf2_field_1_regexp\" id=\"cf2_field_1_regexp\" value=\"^[a-zA-Z\u00c0\u00c1\u00c2\u0116\u00c8\u00c9\u00ca\u00cc\u00cd\u00d2\u00d3\u00d4\u00d5\u00d9\u00da\u00db\u00c7\u00e0\u00e1\u00e2\u00e3\u00e8\u00e9\u00ea\u00ec\u00ed\u00f3\u00f4\u00f5\u00f9\u00fa\u00e7\\s\\-\\']+$\" title=\"\"\/><span class=\"reqtxt\">*<\/span><\/li><li id=\"li-2-2\" class=\"\"><label id=\"label-2-2\" for=\"cf2_field_2\"><span>Email<\/span><\/label><input type=\"text\" name=\"cf2_field_2\" id=\"cf2_field_2\" class=\"single fldemail fldrequired\" value=\"\" onfocus=\"clearField(this)\" onblur=\"setField(this)\" title=\"\"\/><span class=\"emailreqtxt\">*<\/span><\/li><li id=\"li-2-3\" class=\"\"><label id=\"label-2-3\" for=\"cf2_field_3\"><span>Company<\/span><\/label><input type=\"text\" name=\"cf2_field_3\" id=\"cf2_field_3\" class=\"single fldrequired\" value=\"\" onfocus=\"clearField(this)\" onblur=\"setField(this)\" title=\"\"\/><input type=\"hidden\" name=\"cf2_field_3_regexp\" id=\"cf2_field_3_regexp\" value=\"^[a-zA-Z\u00c0\u00c1\u00c2\u0116\u00c8\u00c9\u00ca\u00cc\u00cd\u00d2\u00d3\u00d4\u00d5\u00d9\u00da\u00db\u00c7\u00e0\u00e1\u00e2\u00e3\u00e8\u00e9\u00ea\u00ec\u00ed\u00f3\u00f4\u00f5\u00f9\u00fa\u00e70-9\\s\\-\\'\\.\\,]+$\" title=\"\"\/><span class=\"reqtxt\">*<\/span><\/li><li id=\"li-2-4\" class=\"\"><label id=\"label-2-4\" for=\"cf2_field_4\"><span>Message<\/span><\/label><textarea cols=\"30\" rows=\"8\" name=\"cf2_field_4\" id=\"cf2_field_4\" class=\"area fldrequired\" onfocus=\"clearField(this)\" onblur=\"setField(this)\" title=\"\"><\/textarea><input type=\"hidden\" name=\"cf2_field_4_regexp\" id=\"cf2_field_4_regexp\" value=\"^[a-zA-Z\u00c0\u00c1\u00c2\u0116\u00c8\u00c9\u00ca\u00cc\u00cd\u00d2\u00d3\u00d4\u00d5\u00d9\u00da\u00db\u00c7\u00e0\u00e1\u00e2\u00e3\u00e8\u00e9\u00ea\u00ec\u00ed\u00f3\u00f4\u00f5\u00f9\u00fa\u00e70-9\\n\\r\\s\\-\\'\\.\\,\\;\\?\\!]+$\" title=\"\"\/><span class=\"reqtxt\">*<\/span><\/li><\/ol><fieldset class=\"cf_hidden\"><legend>&nbsp;<\/legend><input type=\"hidden\" name=\"cf_working2\" id=\"cf_working2\" value=\"<span>One moment please ...<\/span>\"\/><input type=\"hidden\" name=\"cf_failure2\" id=\"cf_failure2\" value=\"<span>Please complete all required fields or do no use invalid caracteres.<\/span>\"\/><input type=\"hidden\" name=\"cf_customerr2\" id=\"cf_customerr2\" value=\"y\"\/><\/fieldset><p class=\"cf-sb\"><input type=\"submit\" name=\"sendbutton2\" id=\"sendbutton2\" class=\"sendbutton\" value=\"Send\" \/><\/p><\/form><div id=\"usermessage2b\" class=\"cf_info \" ><\/div>\n<p><!--cforms name=\"Contacts\"--><\/p>\n","protected":false},"excerpt":{"rendered":"<p>To contact us, please fill out the form below. Please consult our Privacy Policy in advance.<\/p>\n","protected":false},"author":13,"featured_media":0,"parent":0,"menu_order":0,"comment_status":"closed","ping_status":"closed","template":"template-contactos.php","meta":{"footnotes":""},"acf":[],"_links":{"self":[{"href":"https:\/\/registrar.iris.gw\/en\/wp-json\/wp\/v2\/pages\/78"}],"collection":[{"href":"https:\/\/registrar.iris.gw\/en\/wp-json\/wp\/v2\/pages"}],"about":[{"href":"https:\/\/registrar.iris.gw\/en\/wp-json\/wp\/v2\/types\/page"}],"author":[{"embeddable":true,"href":"https:\/\/registrar.iris.gw\/en\/wp-json\/wp\/v2\/users\/13"}],"replies":[{"embeddable":true,"href":"https:\/\/registrar.iris.gw\/en\/wp-json\/wp\/v2\/comments?post=78"}],"version-history":[{"count":17,"href":"https:\/\/registrar.iris.gw\/en\/wp-json\/wp\/v2\/pages\/78\/revisions"}],"predecessor-version":[{"id":22031,"href":"https:\/\/registrar.iris.gw\/en\/wp-json\/wp\/v2\/pages\/78\/revisions\/22031"}],"wp:attachment":[{"href":"https:\/\/registrar.iris.gw\/en\/wp-json\/wp\/v2\/media?parent=78"}],"curies":[{"name":"wp","href":"https:\/\/api.w.org\/{rel}","templated":true}]}}